{"id":11261,"date":"2021-02-03T17:02:37","date_gmt":"2022-12-10T18:20:53","guid":{"rendered":"https:\/\/www.street-art-addict.com\/galerie\/uncategorized\/cheval-a-la-herse\/"},"modified":"2023-01-06T18:56:16","modified_gmt":"2023-01-06T17:56:16","slug":"orsays-horse-3","status":"publish","type":"product","link":"https:\/\/www.street-art-addict.com\/en\/gallery\/artist\/kraser-en\/orsays-horse-3\/","title":{"rendered":"Cheval \u00e0 la herse"},"content":{"rendered":"","protected":false},"excerpt":{"rendered":"<p>Guest of the sixth edition of the <a href=\"https:\/\/www.projetsaato.com\/underground-effect-3-paris-la-defense\/\" target=\"_blank\" rel=\"noopener\">Underground Effect<\/a> festival in 2020, Kraser has emerged as a street-art heavyweight.<\/p>\n<p>Kraser&#8217;s original artwork was scanned by our friends at <a href=\"https:\/\/www.otrad-impression.fr\/\" target=\"_blank\" rel=\"noopener\">Otrad<\/a> (Paris) and printed at <a href=\"https:\/\/wearesoartaddict.com\/\" target=\"_blank\" rel=\"noopener\">WASAA<\/a>. Prints are made on a Canon Image Pro Graff 4000 plotter and processed by hand sheet by sheet in the <a href=\"https:\/\/wearesoartaddict.com\/\" target=\"_blank\" rel=\"noopener\">WASAA<\/a> workshop.<\/p>\n<p>Series of 15 numbered prints, signed by the artist and accompanied by a certificate of authenticity.<\/p>\n<p>Inspired by Pierre Rouillard&#8217;s <span class=\"dam_lg_mtt\">Cheval \u00e0 la herse<\/span> (Plough Horse) outside <span class=\"dam_lg_lieu\">Mus\u00e9e d&#8217;Orsay<\/span> (The Orsay Museum) foundried by Antoine Durenne in 1878. Statue en fonte de fer visible sur le parvis du Mus\u00e9e d\u2019Orsay, Paris, France<\/p>\n<ul>\n<li>Artist: Kraser.<\/li>\n<li>Title: Cheval \u00e0 la herse (Horse with a harrow).<\/li>\n<li>Year of creation: 2020.<\/li>\n<li>Type of work: Reproduction numbered and signed by the artist.<\/li>\n<\/ul>\n","protected":false},"featured_media":8264,"template":"","meta":[],"product_brand":[],"product_cat":[2068,1586],"product_tag":[],"class_list":{"0":"post-11261","1":"product","2":"type-product","3":"status-publish","4":"has-post-thumbnail","6":"product_cat-kraser-en","7":"product_cat-affiche","8":"product_shipping_class-rolled","10":"first","11":"instock","12":"taxable","13":"shipping-taxable","14":"purchasable","15":"product-type-simple"},"yoast_head":"<!-- This site is optimized with the Yoast SEO plugin v27.5 - https:\/\/yoast.com\/product\/yoast-seo-wordpress\/ -->\n<title>Kraser, Reproduction - Cheval \u00e0 la herse - Street Art Addict<\/title>\n<meta name=\"robots\" content=\"index, follow, max-snippet:-1, max-image-preview:large, max-video-preview:-1\" \/>\n<link rel=\"canonical\" href=\"https:\/\/www.street-art-addict.com\/en\/gallery\/artist\/kraser-en\/orsays-horse-3\/\" \/>\n<meta property=\"og:locale\" content=\"en_US\" \/>\n<meta property=\"og:type\" content=\"article\" \/>\n<meta property=\"og:title\" content=\"Kraser, Reproduction - Cheval \u00e0 la herse - Street Art Addict\" \/>\n<meta property=\"og:description\" content=\"Guest of the sixth edition of the Underground Effect festival in 2020, Kraser has emerged as a street-art heavyweight.   Kraser&#039;s original artwork was scanned by our friends at Otrad (Paris) and printed at WASAA. Prints are made on a Canon Image Pro Graff 4000 plotter and processed by hand sheet by sheet in the WASAA workshop.   Series of 15 numbered prints, signed by the artist and accompanied by a certificate of authenticity.   Inspired by Pierre Rouillard&#039;s Cheval \u00e0 la herse (Plough Horse) outside Mus\u00e9e d&#039;Orsay (The Orsay Museum) foundried by Antoine Durenne in 1878. Statue en fonte de fer visible sur le parvis du Mus\u00e9e d\u2019Orsay, Paris, France    Artist: Kraser.  Title: Cheval \u00e0 la herse (Horse with a harrow).  Year of creation: 2020.  Type of work: Reproduction numbered and signed by the artist.\" \/>\n<meta property=\"og:url\" content=\"https:\/\/www.street-art-addict.com\/en\/gallery\/artist\/kraser-en\/orsays-horse-3\/\" \/>\n<meta property=\"og:site_name\" content=\"Street Art Addict\" \/>\n<meta property=\"article:publisher\" content=\"https:\/\/www.facebook.com\/street.art.addict\" \/>\n<meta property=\"article:modified_time\" content=\"2023-01-06T17:56:16+00:00\" \/>\n<meta property=\"og:image\" content=\"https:\/\/www.street-art-addict.com\/wp-content\/uploads\/KRASER-1.jpg\" \/>\n\t<meta property=\"og:image:width\" content=\"1023\" \/>\n\t<meta property=\"og:image:height\" content=\"1433\" \/>\n\t<meta property=\"og:image:type\" content=\"image\/jpeg\" \/>\n<meta name=\"twitter:card\" content=\"summary_large_image\" \/>\n<meta name=\"twitter:site\" content=\"@WASAA_StreetArt\" \/>\n<script type=\"application\/ld+json\" class=\"yoast-schema-graph\">{\"@context\":\"https:\\\/\\\/schema.org\",\"@graph\":[{\"@type\":\"WebPage\",\"@id\":\"https:\\\/\\\/www.street-art-addict.com\\\/en\\\/gallery\\\/artist\\\/kraser-en\\\/orsays-horse-3\\\/\",\"url\":\"https:\\\/\\\/www.street-art-addict.com\\\/en\\\/gallery\\\/artist\\\/kraser-en\\\/orsays-horse-3\\\/\",\"name\":\"Kraser, Reproduction - Cheval \u00e0 la herse - Street Art Addict\",\"isPartOf\":{\"@id\":\"https:\\\/\\\/www.street-art-addict.com\\\/en\\\/#website\"},\"primaryImageOfPage\":{\"@id\":\"https:\\\/\\\/www.street-art-addict.com\\\/en\\\/gallery\\\/artist\\\/kraser-en\\\/orsays-horse-3\\\/#primaryimage\"},\"image\":{\"@id\":\"https:\\\/\\\/www.street-art-addict.com\\\/en\\\/gallery\\\/artist\\\/kraser-en\\\/orsays-horse-3\\\/#primaryimage\"},\"thumbnailUrl\":\"https:\\\/\\\/www.street-art-addict.com\\\/wp-content\\\/uploads\\\/KRASER-1.jpg\",\"datePublished\":\"2022-12-10T18:20:53+00:00\",\"dateModified\":\"2023-01-06T17:56:16+00:00\",\"breadcrumb\":{\"@id\":\"https:\\\/\\\/www.street-art-addict.com\\\/en\\\/gallery\\\/artist\\\/kraser-en\\\/orsays-horse-3\\\/#breadcrumb\"},\"inLanguage\":\"en-US\",\"potentialAction\":[{\"@type\":\"ReadAction\",\"target\":[\"https:\\\/\\\/www.street-art-addict.com\\\/en\\\/gallery\\\/artist\\\/kraser-en\\\/orsays-horse-3\\\/\"]}]},{\"@type\":\"ImageObject\",\"inLanguage\":\"en-US\",\"@id\":\"https:\\\/\\\/www.street-art-addict.com\\\/en\\\/gallery\\\/artist\\\/kraser-en\\\/orsays-horse-3\\\/#primaryimage\",\"url\":\"https:\\\/\\\/www.street-art-addict.com\\\/wp-content\\\/uploads\\\/KRASER-1.jpg\",\"contentUrl\":\"https:\\\/\\\/www.street-art-addict.com\\\/wp-content\\\/uploads\\\/KRASER-1.jpg\",\"width\":1023,\"height\":1433,\"caption\":\"Kraser | Poster | Cheval \u00e0 la herse - Orsay\u2019s horse\"},{\"@type\":\"BreadcrumbList\",\"@id\":\"https:\\\/\\\/www.street-art-addict.com\\\/en\\\/gallery\\\/artist\\\/kraser-en\\\/orsays-horse-3\\\/#breadcrumb\",\"itemListElement\":[{\"@type\":\"ListItem\",\"position\":1,\"name\":\"Street Art Addict\",\"item\":\"https:\\\/\\\/www.street-art-addict.com\\\/en\\\/\"},{\"@type\":\"ListItem\",\"position\":2,\"name\":\"Products\",\"item\":\"https:\\\/\\\/www.street-art-addict.com\\\/en\\\/shop\\\/\"},{\"@type\":\"ListItem\",\"position\":3,\"name\":\"Cheval \u00e0 la herse\"}]},{\"@type\":\"WebSite\",\"@id\":\"https:\\\/\\\/www.street-art-addict.com\\\/en\\\/#website\",\"url\":\"https:\\\/\\\/www.street-art-addict.com\\\/en\\\/\",\"name\":\"Street Art Addict\",\"description\":\"Street art gallery\",\"publisher\":{\"@id\":\"https:\\\/\\\/www.street-art-addict.com\\\/en\\\/#organization\"},\"potentialAction\":[{\"@type\":\"SearchAction\",\"target\":{\"@type\":\"EntryPoint\",\"urlTemplate\":\"https:\\\/\\\/www.street-art-addict.com\\\/en\\\/?s={search_term_string}\"},\"query-input\":{\"@type\":\"PropertyValueSpecification\",\"valueRequired\":true,\"valueName\":\"search_term_string\"}}],\"inLanguage\":\"en-US\"},{\"@type\":\"Organization\",\"@id\":\"https:\\\/\\\/www.street-art-addict.com\\\/en\\\/#organization\",\"name\":\"Street Art Addict | Galerie d'art | Impression d'art urbain\",\"url\":\"https:\\\/\\\/www.street-art-addict.com\\\/en\\\/\",\"logo\":{\"@type\":\"ImageObject\",\"inLanguage\":\"en-US\",\"@id\":\"https:\\\/\\\/www.street-art-addict.com\\\/en\\\/#\\\/schema\\\/logo\\\/image\\\/\",\"url\":\"https:\\\/\\\/www.street-art-addict.com\\\/wp-content\\\/uploads\\\/2019\\\/05\\\/WASAA-logo-Street-Art.png\",\"contentUrl\":\"https:\\\/\\\/www.street-art-addict.com\\\/wp-content\\\/uploads\\\/2019\\\/05\\\/WASAA-logo-Street-Art.png\",\"width\":529,\"height\":143,\"caption\":\"Street Art Addict | Galerie d'art | Impression d'art urbain\"},\"image\":{\"@id\":\"https:\\\/\\\/www.street-art-addict.com\\\/en\\\/#\\\/schema\\\/logo\\\/image\\\/\"},\"sameAs\":[\"https:\\\/\\\/www.facebook.com\\\/street.art.addict\",\"https:\\\/\\\/x.com\\\/WASAA_StreetArt\",\"https:\\\/\\\/www.instagram.com\\\/street_art_addict_gallery\\\/\",\"https:\\\/\\\/www.linkedin.com\\\/company\\\/wasaa\\\/\"]}]}<\/script>\n<!-- \/ Yoast SEO plugin. -->","yoast_head_json":{"title":"Kraser, Reproduction - Cheval \u00e0 la herse - Street Art Addict","robots":{"index":"index","follow":"follow","max-snippet":"max-snippet:-1","max-image-preview":"max-image-preview:large","max-video-preview":"max-video-preview:-1"},"canonical":"https:\/\/www.street-art-addict.com\/en\/gallery\/artist\/kraser-en\/orsays-horse-3\/","og_locale":"en_US","og_type":"article","og_title":"Kraser, Reproduction - Cheval \u00e0 la herse - Street Art Addict","og_description":"Guest of the sixth edition of the Underground Effect festival in 2020, Kraser has emerged as a street-art heavyweight.   Kraser's original artwork was scanned by our friends at Otrad (Paris) and printed at WASAA. Prints are made on a Canon Image Pro Graff 4000 plotter and processed by hand sheet by sheet in the WASAA workshop.   Series of 15 numbered prints, signed by the artist and accompanied by a certificate of authenticity.   Inspired by Pierre Rouillard's Cheval \u00e0 la herse (Plough Horse) outside Mus\u00e9e d'Orsay (The Orsay Museum) foundried by Antoine Durenne in 1878. Statue en fonte de fer visible sur le parvis du Mus\u00e9e d\u2019Orsay, Paris, France    Artist: Kraser.  Title: Cheval \u00e0 la herse (Horse with a harrow).  Year of creation: 2020.  Type of work: Reproduction numbered and signed by the artist.","og_url":"https:\/\/www.street-art-addict.com\/en\/gallery\/artist\/kraser-en\/orsays-horse-3\/","og_site_name":"Street Art Addict","article_publisher":"https:\/\/www.facebook.com\/street.art.addict","article_modified_time":"2023-01-06T17:56:16+00:00","og_image":[{"width":1023,"height":1433,"url":"https:\/\/www.street-art-addict.com\/wp-content\/uploads\/KRASER-1.jpg","type":"image\/jpeg"}],"twitter_card":"summary_large_image","twitter_site":"@WASAA_StreetArt","schema":{"@context":"https:\/\/schema.org","@graph":[{"@type":"WebPage","@id":"https:\/\/www.street-art-addict.com\/en\/gallery\/artist\/kraser-en\/orsays-horse-3\/","url":"https:\/\/www.street-art-addict.com\/en\/gallery\/artist\/kraser-en\/orsays-horse-3\/","name":"Kraser, Reproduction - Cheval \u00e0 la herse - Street Art Addict","isPartOf":{"@id":"https:\/\/www.street-art-addict.com\/en\/#website"},"primaryImageOfPage":{"@id":"https:\/\/www.street-art-addict.com\/en\/gallery\/artist\/kraser-en\/orsays-horse-3\/#primaryimage"},"image":{"@id":"https:\/\/www.street-art-addict.com\/en\/gallery\/artist\/kraser-en\/orsays-horse-3\/#primaryimage"},"thumbnailUrl":"https:\/\/www.street-art-addict.com\/wp-content\/uploads\/KRASER-1.jpg","datePublished":"2022-12-10T18:20:53+00:00","dateModified":"2023-01-06T17:56:16+00:00","breadcrumb":{"@id":"https:\/\/www.street-art-addict.com\/en\/gallery\/artist\/kraser-en\/orsays-horse-3\/#breadcrumb"},"inLanguage":"en-US","potentialAction":[{"@type":"ReadAction","target":["https:\/\/www.street-art-addict.com\/en\/gallery\/artist\/kraser-en\/orsays-horse-3\/"]}]},{"@type":"ImageObject","inLanguage":"en-US","@id":"https:\/\/www.street-art-addict.com\/en\/gallery\/artist\/kraser-en\/orsays-horse-3\/#primaryimage","url":"https:\/\/www.street-art-addict.com\/wp-content\/uploads\/KRASER-1.jpg","contentUrl":"https:\/\/www.street-art-addict.com\/wp-content\/uploads\/KRASER-1.jpg","width":1023,"height":1433,"caption":"Kraser | Poster | Cheval \u00e0 la herse - Orsay\u2019s horse"},{"@type":"BreadcrumbList","@id":"https:\/\/www.street-art-addict.com\/en\/gallery\/artist\/kraser-en\/orsays-horse-3\/#breadcrumb","itemListElement":[{"@type":"ListItem","position":1,"name":"Street Art Addict","item":"https:\/\/www.street-art-addict.com\/en\/"},{"@type":"ListItem","position":2,"name":"Products","item":"https:\/\/www.street-art-addict.com\/en\/shop\/"},{"@type":"ListItem","position":3,"name":"Cheval \u00e0 la herse"}]},{"@type":"WebSite","@id":"https:\/\/www.street-art-addict.com\/en\/#website","url":"https:\/\/www.street-art-addict.com\/en\/","name":"Street Art Addict","description":"Street art gallery","publisher":{"@id":"https:\/\/www.street-art-addict.com\/en\/#organization"},"potentialAction":[{"@type":"SearchAction","target":{"@type":"EntryPoint","urlTemplate":"https:\/\/www.street-art-addict.com\/en\/?s={search_term_string}"},"query-input":{"@type":"PropertyValueSpecification","valueRequired":true,"valueName":"search_term_string"}}],"inLanguage":"en-US"},{"@type":"Organization","@id":"https:\/\/www.street-art-addict.com\/en\/#organization","name":"Street Art Addict | Galerie d'art | Impression d'art urbain","url":"https:\/\/www.street-art-addict.com\/en\/","logo":{"@type":"ImageObject","inLanguage":"en-US","@id":"https:\/\/www.street-art-addict.com\/en\/#\/schema\/logo\/image\/","url":"https:\/\/www.street-art-addict.com\/wp-content\/uploads\/2019\/05\/WASAA-logo-Street-Art.png","contentUrl":"https:\/\/www.street-art-addict.com\/wp-content\/uploads\/2019\/05\/WASAA-logo-Street-Art.png","width":529,"height":143,"caption":"Street Art Addict | Galerie d'art | Impression d'art urbain"},"image":{"@id":"https:\/\/www.street-art-addict.com\/en\/#\/schema\/logo\/image\/"},"sameAs":["https:\/\/www.facebook.com\/street.art.addict","https:\/\/x.com\/WASAA_StreetArt","https:\/\/www.instagram.com\/street_art_addict_gallery\/","https:\/\/www.linkedin.com\/company\/wasaa\/"]}]}},"jetpack_sharing_enabled":true,"_links":{"self":[{"href":"https:\/\/www.street-art-addict.com\/en\/wp-json\/wp\/v2\/product\/11261","targetHints":{"allow":["GET"]}}],"collection":[{"href":"https:\/\/www.street-art-addict.com\/en\/wp-json\/wp\/v2\/product"}],"about":[{"href":"https:\/\/www.street-art-addict.com\/en\/wp-json\/wp\/v2\/types\/product"}],"wp:featuredmedia":[{"embeddable":true,"href":"https:\/\/www.street-art-addict.com\/en\/wp-json\/wp\/v2\/media\/8264"}],"wp:attachment":[{"href":"https:\/\/www.street-art-addict.com\/en\/wp-json\/wp\/v2\/media?parent=11261"}],"wp:term":[{"taxonomy":"product_brand","embeddable":true,"href":"https:\/\/www.street-art-addict.com\/en\/wp-json\/wp\/v2\/product_brand?post=11261"},{"taxonomy":"product_cat","embeddable":true,"href":"https:\/\/www.street-art-addict.com\/en\/wp-json\/wp\/v2\/product_cat?post=11261"},{"taxonomy":"product_tag","embeddable":true,"href":"https:\/\/www.street-art-addict.com\/en\/wp-json\/wp\/v2\/product_tag?post=11261"}],"curies":[{"name":"wp","href":"https:\/\/api.w.org\/{rel}","templated":true}]}}